{"id":305,"date":"2025-01-09T10:53:41","date_gmt":"2025-01-09T09:53:41","guid":{"rendered":"https:\/\/compassen.se\/tibro\/?page_id=305"},"modified":"2026-04-01T10:27:12","modified_gmt":"2026-04-01T08:27:12","slug":"compassen-lidkoping","status":"publish","type":"page","link":"https:\/\/compassen.se\/tibro\/","title":{"rendered":"Compassen Tibro"},"content":{"rendered":"","protected":false},"excerpt":{"rendered":"","protected":false},"author":1,"featured_media":0,"parent":0,"menu_order":0,"comment_status":"closed","ping_status":"closed","template":"templates\/startpage_region.php","meta":{"_acf_changed":false,"inline_featured_image":false,"footnotes":""},"class_list":["post-305","page","type-page","status-publish","hentry"],"acf":[],"yoast_head":"<!-- This site is optimized with the Yoast SEO plugin v25.0 - https:\/\/yoast.com\/wordpress\/plugins\/seo\/ -->\n<title>Compassen | Tibro<\/title>\n<meta name=\"description\" content=\"Compassen i Tibro fr\u00e4mjar psykisk h\u00e4lsa genom aktiviteter, m\u00f6ten och dialog. Bli medlem gratis och ta del av st\u00f6d, nyheter och gemenskap.\" \/>\n<meta name=\"robots\" content=\"index, follow, max-snippet:-1, max-image-preview:large, max-video-preview:-1\" \/>\n<link rel=\"canonical\" href=\"https:\/\/compassen.se\/tibro\/\" \/>\n<meta property=\"og:locale\" content=\"sv_SE\" \/>\n<meta property=\"og:type\" content=\"article\" \/>\n<meta property=\"og:title\" content=\"Compassen | Tibro\" \/>\n<meta property=\"og:description\" content=\"Compassen i Tibro fr\u00e4mjar psykisk h\u00e4lsa genom aktiviteter, m\u00f6ten och dialog. Bli medlem gratis och ta del av st\u00f6d, nyheter och gemenskap.\" \/>\n<meta property=\"og:url\" content=\"https:\/\/compassen.se\/tibro\/\" \/>\n<meta property=\"og:site_name\" content=\"Compassen Tibro\" \/>\n<meta property=\"article:modified_time\" content=\"2026-04-01T08:27:12+00:00\" \/>\n<meta property=\"og:image\" content=\"https:\/\/compassen.se\/tibro\/wp-content\/uploads\/sites\/18\/2025\/05\/compassen_lint_facebook.jpg\" \/>\n\t<meta property=\"og:image:width\" content=\"1200\" \/>\n\t<meta property=\"og:image:height\" content=\"630\" \/>\n\t<meta property=\"og:image:type\" content=\"image\/jpeg\" \/>\n<meta name=\"twitter:card\" content=\"summary_large_image\" \/>\n<meta name=\"twitter:label1\" content=\"Ber\u00e4knad l\u00e4stid\" \/>\n\t<meta name=\"twitter:data1\" content=\"1 minut\" \/>\n<script type=\"application\/ld+json\" class=\"yoast-schema-graph\">{\"@context\":\"https:\/\/schema.org\",\"@graph\":[{\"@type\":\"WebPage\",\"@id\":\"https:\/\/compassen.se\/tibro\/\",\"url\":\"https:\/\/compassen.se\/tibro\/\",\"name\":\"Compassen | Tibro\",\"isPartOf\":{\"@id\":\"https:\/\/compassen.se\/tibro\/#website\"},\"datePublished\":\"2025-01-09T09:53:41+00:00\",\"dateModified\":\"2026-04-01T08:27:12+00:00\",\"description\":\"Compassen i Tibro fr\u00e4mjar psykisk h\u00e4lsa genom aktiviteter, m\u00f6ten och dialog. Bli medlem gratis och ta del av st\u00f6d, nyheter och gemenskap.\",\"breadcrumb\":{\"@id\":\"https:\/\/compassen.se\/tibro\/#breadcrumb\"},\"inLanguage\":\"sv-SE\",\"potentialAction\":[{\"@type\":\"ReadAction\",\"target\":[\"https:\/\/compassen.se\/tibro\/\"]}]},{\"@type\":\"BreadcrumbList\",\"@id\":\"https:\/\/compassen.se\/tibro\/#breadcrumb\",\"itemListElement\":[{\"@type\":\"ListItem\",\"position\":1,\"name\":\"Hem\",\"item\":\"https:\/\/compassen.se\/tibro\/\"},{\"@type\":\"ListItem\",\"position\":2,\"name\":\"Compassen Tibro\"}]},{\"@type\":\"WebSite\",\"@id\":\"https:\/\/compassen.se\/tibro\/#website\",\"url\":\"https:\/\/compassen.se\/tibro\/\",\"name\":\"Compassen Tibro\",\"description\":\"\",\"potentialAction\":[{\"@type\":\"SearchAction\",\"target\":{\"@type\":\"EntryPoint\",\"urlTemplate\":\"https:\/\/compassen.se\/tibro\/?s={search_term_string}\"},\"query-input\":{\"@type\":\"PropertyValueSpecification\",\"valueRequired\":true,\"valueName\":\"search_term_string\"}}],\"inLanguage\":\"sv-SE\"}]}<\/script>\n<!-- \/ Yoast SEO plugin. -->","yoast_head_json":{"title":"Compassen | Tibro","description":"Compassen i Tibro fr\u00e4mjar psykisk h\u00e4lsa genom aktiviteter, m\u00f6ten och dialog. Bli medlem gratis och ta del av st\u00f6d, nyheter och gemenskap.","robots":{"index":"index","follow":"follow","max-snippet":"max-snippet:-1","max-image-preview":"max-image-preview:large","max-video-preview":"max-video-preview:-1"},"canonical":"https:\/\/compassen.se\/tibro\/","og_locale":"sv_SE","og_type":"article","og_title":"Compassen | Tibro","og_description":"Compassen i Tibro fr\u00e4mjar psykisk h\u00e4lsa genom aktiviteter, m\u00f6ten och dialog. Bli medlem gratis och ta del av st\u00f6d, nyheter och gemenskap.","og_url":"https:\/\/compassen.se\/tibro\/","og_site_name":"Compassen Tibro","article_modified_time":"2026-04-01T08:27:12+00:00","og_image":[{"width":1200,"height":630,"url":"https:\/\/compassen.se\/tibro\/wp-content\/uploads\/sites\/18\/2025\/05\/compassen_lint_facebook.jpg","type":"image\/jpeg"}],"twitter_card":"summary_large_image","twitter_misc":{"Ber\u00e4knad l\u00e4stid":"1 minut"},"schema":{"@context":"https:\/\/schema.org","@graph":[{"@type":"WebPage","@id":"https:\/\/compassen.se\/tibro\/","url":"https:\/\/compassen.se\/tibro\/","name":"Compassen | Tibro","isPartOf":{"@id":"https:\/\/compassen.se\/tibro\/#website"},"datePublished":"2025-01-09T09:53:41+00:00","dateModified":"2026-04-01T08:27:12+00:00","description":"Compassen i Tibro fr\u00e4mjar psykisk h\u00e4lsa genom aktiviteter, m\u00f6ten och dialog. Bli medlem gratis och ta del av st\u00f6d, nyheter och gemenskap.","breadcrumb":{"@id":"https:\/\/compassen.se\/tibro\/#breadcrumb"},"inLanguage":"sv-SE","potentialAction":[{"@type":"ReadAction","target":["https:\/\/compassen.se\/tibro\/"]}]},{"@type":"BreadcrumbList","@id":"https:\/\/compassen.se\/tibro\/#breadcrumb","itemListElement":[{"@type":"ListItem","position":1,"name":"Hem","item":"https:\/\/compassen.se\/tibro\/"},{"@type":"ListItem","position":2,"name":"Compassen Tibro"}]},{"@type":"WebSite","@id":"https:\/\/compassen.se\/tibro\/#website","url":"https:\/\/compassen.se\/tibro\/","name":"Compassen Tibro","description":"","potentialAction":[{"@type":"SearchAction","target":{"@type":"EntryPoint","urlTemplate":"https:\/\/compassen.se\/tibro\/?s={search_term_string}"},"query-input":{"@type":"PropertyValueSpecification","valueRequired":true,"valueName":"search_term_string"}}],"inLanguage":"sv-SE"}]}},"_links":{"self":[{"href":"https:\/\/compassen.se\/tibro\/wp-json\/wp\/v2\/pages\/305","targetHints":{"allow":["GET"]}}],"collection":[{"href":"https:\/\/compassen.se\/tibro\/wp-json\/wp\/v2\/pages"}],"about":[{"href":"https:\/\/compassen.se\/tibro\/wp-json\/wp\/v2\/types\/page"}],"author":[{"embeddable":true,"href":"https:\/\/compassen.se\/tibro\/wp-json\/wp\/v2\/users\/1"}],"replies":[{"embeddable":true,"href":"https:\/\/compassen.se\/tibro\/wp-json\/wp\/v2\/comments?post=305"}],"version-history":[{"count":26,"href":"https:\/\/compassen.se\/tibro\/wp-json\/wp\/v2\/pages\/305\/revisions"}],"predecessor-version":[{"id":1085,"href":"https:\/\/compassen.se\/tibro\/wp-json\/wp\/v2\/pages\/305\/revisions\/1085"}],"wp:attachment":[{"href":"https:\/\/compassen.se\/tibro\/wp-json\/wp\/v2\/media?parent=305"}],"curies":[{"name":"wp","href":"https:\/\/api.w.org\/{rel}","templated":true}]}}